{"id":1568,"date":"2025-08-01T03:30:34","date_gmt":"2025-08-01T06:30:34","guid":{"rendered":"https:\/\/embrevenoar.com.br\/primieri\/?page_id=1568"},"modified":"2025-08-01T03:33:44","modified_gmt":"2025-08-01T06:33:44","slug":"politica-de-privacidade-e-lgpd","status":"publish","type":"page","link":"https:\/\/embrevenoar.com.br\/primieri\/politica-de-privacidade-e-lgpd\/","title":{"rendered":"POL\u00cdTICA DE PRIVACIDADE E LGPD"},"content":{"rendered":"\t\t<div data-elementor-type=\"wp-page\" data-elementor-id=\"1568\" class=\"elementor elementor-1568\" data-elementor-post-type=\"page\">\n\t\t\t\t<div class=\"elementor-element elementor-element-15ad2b1 e-flex e-con-boxed e-con e-parent\" data-id=\"15ad2b1\" data-element_type=\"container\" data-settings=\"{&quot;background_background&quot;:&quot;classic&quot;}\">\n\t\t\t\t\t<div class=\"e-con-inner\">\n\t\t\t\t<div class=\"elementor-element elementor-element-e8e7599 elementor-widget elementor-widget-image-box\" data-id=\"e8e7599\" data-element_type=\"widget\" data-widget_type=\"image-box.default\">\n\t\t\t\t<div class=\"elementor-widget-container\">\n\t\t\t\t\t<div class=\"elementor-image-box-wrapper\"><div class=\"elementor-image-box-content\"><h3 class=\"elementor-image-box-title\">Pol\u00edtica de privacidade e LGPD<\/h3><\/div><\/div>\t\t\t\t<\/div>\n\t\t\t\t<\/div>\n\t\t\t\t\t<\/div>\n\t\t\t\t<\/div>\n\t\t<div class=\"elementor-element elementor-element-c1b36b4 e-flex e-con-boxed e-con e-parent\" data-id=\"c1b36b4\" data-element_type=\"container\">\n\t\t\t\t\t<div class=\"e-con-inner\">\n\t\t\t\t<div class=\"elementor-element elementor-element-196c959 elementor-widget elementor-widget-text-editor\" data-id=\"196c959\" data-element_type=\"widget\" data-widget_type=\"text-editor.default\">\n\t\t\t\t<div class=\"elementor-widget-container\">\n\t\t\t\t\t\t\t\t\t<h3><b>Compromisso com a privacidade dos seus dados<\/b><\/h3><p><span style=\"font-weight: 400;\">A Primi\u00e9ri &amp; Luvizetto Seguros respeita sua privacidade e se compromete com a seguran\u00e7a no tratamento dos seus dados pessoais, em conformidade com a Lei Geral de Prote\u00e7\u00e3o de Dados (Lei n\u00ba 13.709\/2018 \u2013 LGPD).\u00a0<\/span><\/p><p><span style=\"font-weight: 400;\">Esta Pol\u00edtica tem como objetivo esclarecer como coletamos, utilizamos, armazenamos e protegemos as informa\u00e7\u00f5es dos usu\u00e1rios que acessam nosso site ou se comunicam conosco por meio dos nossos canais digitais.<\/span><\/p><h3><b>1. Quais dados coletamos<\/b><\/h3><p><span style=\"font-weight: 400;\">Coletamos dados fornecidos diretamente por voc\u00ea, como:<\/span><\/p><ul><li style=\"font-weight: 400;\" aria-level=\"1\"><span style=\"font-weight: 400;\">Nome, telefone, e-mail, empresa, cargo e mensagem (via formul\u00e1rios de contato ou cota\u00e7\u00e3o)<\/span><\/li><li style=\"font-weight: 400;\" aria-level=\"1\"><span style=\"font-weight: 400;\">Dados de navega\u00e7\u00e3o no site por meio de cookies (comportamento, tempo de perman\u00eancia, origem de acesso)<\/span><\/li><\/ul><h3><b>2. Para que usamos seus dados<\/b><\/h3><ul><li style=\"font-weight: 400;\" aria-level=\"1\"><span style=\"font-weight: 400;\">Responder d\u00favidas e solicita\u00e7\u00f5es<\/span><\/li><li style=\"font-weight: 400;\" aria-level=\"1\"><span style=\"font-weight: 400;\">Realizar atendimento personalizado<\/span><\/li><li style=\"font-weight: 400;\" aria-level=\"1\"><span style=\"font-weight: 400;\">Enviar propostas de seguro solicitadas<\/span><\/li><li style=\"font-weight: 400;\" aria-level=\"1\"><span style=\"font-weight: 400;\">Cumprir obriga\u00e7\u00f5es legais e regulat\u00f3rias<\/span><\/li><li style=\"font-weight: 400;\" aria-level=\"1\"><span style=\"font-weight: 400;\">Melhorar a navega\u00e7\u00e3o e a performance do site<\/span><\/li><\/ul><h3><b>3. Compartilhamento de dados<\/b><\/h3><p><span style=\"font-weight: 400;\">Seus dados podem ser compartilhados com:<\/span><\/p><ul><li style=\"font-weight: 400;\" aria-level=\"1\"><span style=\"font-weight: 400;\">Seguradoras parceiras para cota\u00e7\u00e3o e emiss\u00e3o de ap\u00f3lices<\/span><\/li><li style=\"font-weight: 400;\" aria-level=\"1\"><span style=\"font-weight: 400;\">Plataformas de CRM, automa\u00e7\u00e3o de marketing e an\u00e1lise de desempenho (como Google Analytics)<\/span><\/li><\/ul><p><span style=\"font-weight: 400;\">Todos os terceiros envolvidos cumprem com a LGPD e atuam sob nossos crit\u00e9rios de seguran\u00e7a.<\/span><\/p><h3><b>4. Direitos do titular de dados<\/b><\/h3><p><span style=\"font-weight: 400;\">Voc\u00ea tem o direito de:<\/span><\/p><ul><li style=\"font-weight: 400;\" aria-level=\"1\"><span style=\"font-weight: 400;\">Acessar, corrigir ou excluir seus dados<\/span><\/li><li style=\"font-weight: 400;\" aria-level=\"1\"><span style=\"font-weight: 400;\">Solicitar a portabilidade ou anonimiza\u00e7\u00e3o<\/span><\/li><li style=\"font-weight: 400;\" aria-level=\"1\"><span style=\"font-weight: 400;\">Revogar consentimentos ou se opor a tratamentos de dados<\/span><\/li><li style=\"font-weight: 400;\" aria-level=\"1\"><span style=\"font-weight: 400;\">Solicitar esclarecimentos sobre o uso de suas informa\u00e7\u00f5es<\/span><\/li><\/ul><p><span style=\"font-weight: 400;\">Para exercer seus direitos, entre em contato com nosso respons\u00e1vel pelo tratamento de dados:<\/span><\/p><p><span style=\"font-weight: 400;\">\ud83d\udce7 juridico@primieriseguros.com.br<\/span><\/p><h3><b>5. Reten\u00e7\u00e3o e seguran\u00e7a dos dados<\/b><\/h3><p><span style=\"font-weight: 400;\">Seus dados s\u00e3o armazenados de forma segura e pelo tempo necess\u00e1rio para cumprir as finalidades aqui descritas ou obriga\u00e7\u00f5es legais. Utilizamos pr\u00e1ticas de seguran\u00e7a t\u00e9cnica e organizacional adequadas para proteger seus dados.<\/span><\/p><h3><b>6. Atualiza\u00e7\u00f5es desta pol\u00edtica<\/b><\/h3><p><span style=\"font-weight: 400;\">Este documento pode passar por atualiza\u00e7\u00f5es. Recomendamos sua leitura peri\u00f3dica para estar ciente de quaisquer mudan\u00e7as. \u00daltima atualiza\u00e7\u00e3o: <\/span><b>Agosto\/2025<\/b><\/p>\t\t\t\t\t\t\t\t<\/div>\n\t\t\t\t<\/div>\n\t\t\t\t\t<\/div>\n\t\t\t\t<\/div>\n\t\t\t\t<\/div>\n\t\t","protected":false},"excerpt":{"rendered":"<p>Pol\u00edtica de privacidade e LGPD Compromisso com a privacidade dos seus dados A Primi\u00e9ri &amp; Luvizetto Seguros respeita sua privacidade e se compromete com a seguran\u00e7a no tratamento dos seus dados pessoais, em conformidade com a Lei Geral de Prote\u00e7\u00e3o de Dados (Lei n\u00ba 13.709\/2018 \u2013 LGPD).\u00a0 Esta Pol\u00edtica tem como objetivo esclarecer como coletamos, [&hellip;]<\/p>\n","protected":false},"author":1,"featured_media":0,"parent":0,"menu_order":0,"comment_status":"closed","ping_status":"closed","template":"elementor_header_footer","meta":{"footnotes":""},"class_list":["post-1568","page","type-page","status-publish","hentry"],"_links":{"self":[{"href":"https:\/\/embrevenoar.com.br\/primieri\/wp-json\/wp\/v2\/pages\/1568","targetHints":{"allow":["GET"]}}],"collection":[{"href":"https:\/\/embrevenoar.com.br\/primieri\/wp-json\/wp\/v2\/pages"}],"about":[{"href":"https:\/\/embrevenoar.com.br\/primieri\/wp-json\/wp\/v2\/types\/page"}],"author":[{"embeddable":true,"href":"https:\/\/embrevenoar.com.br\/primieri\/wp-json\/wp\/v2\/users\/1"}],"replies":[{"embeddable":true,"href":"https:\/\/embrevenoar.com.br\/primieri\/wp-json\/wp\/v2\/comments?post=1568"}],"version-history":[{"count":4,"href":"https:\/\/embrevenoar.com.br\/primieri\/wp-json\/wp\/v2\/pages\/1568\/revisions"}],"predecessor-version":[{"id":1572,"href":"https:\/\/embrevenoar.com.br\/primieri\/wp-json\/wp\/v2\/pages\/1568\/revisions\/1572"}],"wp:attachment":[{"href":"https:\/\/embrevenoar.com.br\/primieri\/wp-json\/wp\/v2\/media?parent=1568"}],"curies":[{"name":"wp","href":"https:\/\/api.w.org\/{rel}","templated":true}]}}